{"id":8,"date":"2024-12-10T11:35:38","date_gmt":"2024-12-10T11:35:38","guid":{"rendered":"https:\/\/ejd.is\/?page_id=8"},"modified":"2024-12-10T18:06:05","modified_gmt":"2024-12-10T18:06:05","slug":"forsida","status":"publish","type":"page","link":"https:\/\/ejd.is\/","title":{"rendered":"FORS\u00cd\u00d0A"},"content":{"rendered":"<div class=\"wpb-content-wrapper\">[vc_section full_width=&#8221;stretch_row&#8221; full_height=&#8221;yes&#8221; content_placement=&#8221;middle&#8221; css=&#8221;.vc_custom_1733835107559{background-image: url(https:\/\/ejd.is\/wp-content\/uploads\/2024\/12\/header_ejd.jpg?id=12) !important;background-position: center !important;background-repeat: no-repeat !important;background-size: cover !important;}&#8221;][vc_row][vc_column width=&#8221;1\/2&#8243;][vc_single_image image=&#8221;10&#8243; img_size=&#8221;full&#8221; css=&#8221;&#8221;][vc_custom_heading text=&#8221;Y\ufb01rbor\u00f0s- og r\u00famm\u00e1lsm\u00e6lingar&#8221; font_container=&#8221;tag:h1|font_size:45|text_align:left|color:%23FFFFFF&#8221; google_fonts=&#8221;font_family:Lato%3A100%2C100italic%2C300%2C300italic%2Cregular%2Citalic%2C700%2C700italic%2C900%2C900italic|font_style:700%20bold%20regular%3A700%3Anormal&#8221; css_animation=&#8221;fadeIn&#8221; css=&#8221;&#8221;][vc_separator color=&#8221;white&#8221; align=&#8221;align_left&#8221; border_width=&#8221;10&#8243; el_width=&#8221;30&#8243; css_animation=&#8221;bounceInLeft&#8221; css=&#8221;&#8221;][vc_custom_heading text=&#8221;Eysteinn J\u00f3hann Dofrason&#8221; font_container=&#8221;tag:h1|font_size:30|text_align:left|color:%23FFFFFF&#8221; google_fonts=&#8221;font_family:Lato%3A100%2C100italic%2C300%2C300italic%2Cregular%2Citalic%2C700%2C700italic%2C900%2C900italic|font_style:400%20regular%3A400%3Anormal&#8221; css_animation=&#8221;fadeIn&#8221; css=&#8221;&#8221;][vc_empty_space height=&#8221;44px&#8221;][mk_button dimension=&#8221;outline&#8221; corner_style=&#8221;full_rounded&#8221; size=&#8221;x-large&#8221; url=&#8221;mailto:ejd@ejd.is&#8221; outline_skin=&#8221;light&#8221;]HAFA SAMBAND[\/mk_button][\/vc_column][vc_column width=&#8221;1\/2&#8243;][\/vc_column][\/vc_row][\/vc_section]\n<\/div>","protected":false},"excerpt":{"rendered":"<p>[vc_section full_width=&#8221;stretch_row&#8221; full_height=&#8221;yes&#8221; content_placement=&#8221;middle&#8221; css=&#8221;.vc_custom_1733835107559{background-image: url(https:\/\/ejd.is\/wp-content\/uploads\/2024\/12\/header_ejd.jpg?id=12) !important;background-position: center !important;background-repeat: no-repeat !important;background-size: cover !important;}&#8221;][vc_row][vc_column width=&#8221;1\/2&#8243;][vc_single_image image=&#8221;10&#8243; img_size=&#8221;full&#8221; css=&#8221;&#8221;][vc_custom_heading text=&#8221;Y\ufb01rbor\u00f0s- og r\u00famm\u00e1lsm\u00e6lingar&#8221; font_container=&#8221;tag:h1|font_size:45|text_align:left|color:%23FFFFFF&#8221; google_fonts=&#8221;font_family:Lato%3A100%2C100italic%2C300%2C300italic%2Cregular%2Citalic%2C700%2C700italic%2C900%2C900italic|font_style:700%20bold%20regular%3A700%3Anormal&#8221; css_animation=&#8221;fadeIn&#8221; css=&#8221;&#8221;][vc_separator color=&#8221;white&#8221; align=&#8221;align_left&#8221; border_width=&#8221;10&#8243; el_width=&#8221;30&#8243; css_animation=&#8221;bounceInLeft&#8221; css=&#8221;&#8221;][vc_custom_heading text=&#8221;Eysteinn J\u00f3hann Dofrason&#8221; font_container=&#8221;tag:h1|font_size:30|text_align:left|color:%23FFFFFF&#8221; google_fonts=&#8221;font_family:Lato%3A100%2C100italic%2C300%2C300italic%2Cregular%2Citalic%2C700%2C700italic%2C900%2C900italic|font_style:400%20regular%3A400%3Anormal&#8221; css_animation=&#8221;fadeIn&#8221; css=&#8221;&#8221;][vc_empty_space height=&#8221;44px&#8221;][mk_button dimension=&#8221;outline&#8221; corner_style=&#8221;full_rounded&#8221; size=&#8221;x-large&#8221; url=&#8221;mailto:ejd@ejd.is&#8221; outline_skin=&#8221;light&#8221;]HAFA SAMBAND[\/mk_button][\/vc_column][vc_column width=&#8221;1\/2&#8243;][\/vc_column][\/vc_row][\/vc_section]<\/p>\n","protected":false},"author":3,"featured_media":0,"parent":0,"menu_order":0,"comment_status":"closed","ping_status":"closed","template":"","meta":{"footnotes":""},"class_list":["post-8","page","type-page","status-publish","hentry"],"_links":{"self":[{"href":"https:\/\/ejd.is\/index.php?rest_route=\/wp\/v2\/pages\/8","targetHints":{"allow":["GET"]}}],"collection":[{"href":"https:\/\/ejd.is\/index.php?rest_route=\/wp\/v2\/pages"}],"about":[{"href":"https:\/\/ejd.is\/index.php?rest_route=\/wp\/v2\/types\/page"}],"author":[{"embeddable":true,"href":"https:\/\/ejd.is\/index.php?rest_route=\/wp\/v2\/users\/3"}],"replies":[{"embeddable":true,"href":"https:\/\/ejd.is\/index.php?rest_route=%2Fwp%2Fv2%2Fcomments&post=8"}],"version-history":[{"count":22,"href":"https:\/\/ejd.is\/index.php?rest_route=\/wp\/v2\/pages\/8\/revisions"}],"predecessor-version":[{"id":39,"href":"https:\/\/ejd.is\/index.php?rest_route=\/wp\/v2\/pages\/8\/revisions\/39"}],"wp:attachment":[{"href":"https:\/\/ejd.is\/index.php?rest_route=%2Fwp%2Fv2%2Fmedia&parent=8"}],"curies":[{"name":"wp","href":"https:\/\/api.w.org\/{rel}","templated":true}]}}